{"id":4863,"date":"2024-01-14T17:20:08","date_gmt":"2024-01-14T13:20:08","guid":{"rendered":"https:\/\/firmz.ae\/quienes-somos\/"},"modified":"2024-09-09T11:19:07","modified_gmt":"2024-09-09T07:19:07","slug":"quienes-somos","status":"publish","type":"page","link":"https:\/\/firmz.ae\/es\/quienes-somos\/","title":{"rendered":"Qui\u00e9nes somos"},"content":{"rendered":"\t\t<div data-elementor-type=\"wp-page\" data-elementor-id=\"4863\" class=\"elementor elementor-4863 elementor-671\" data-elementor-post-type=\"page\">\n\t\t\t\t<div data-dce-background-image-url=\"https:\/\/firmz.ae\/wp-content\/uploads\/2024\/01\/15253859.webp\" class=\"elementor-element elementor-element-6532f7b wd-section-stretch color-scheme-light e-flex e-con-boxed e-con e-parent\" data-id=\"6532f7b\" data-element_type=\"container\" data-e-type=\"container\" data-settings=\"{&quot;background_background&quot;:&quot;classic&quot;}\">\n\t\t\t\t\t<div class=\"e-con-inner\">\n\t\t\t\t\t<\/div>\n\t\t\t\t<\/div>\n\t\t<div class=\"elementor-element elementor-element-1e12f8f e-flex e-con-boxed e-con e-parent\" data-id=\"1e12f8f\" data-element_type=\"container\" data-e-type=\"container\">\n\t\t\t\t\t<div class=\"e-con-inner\">\n\t\t\t\t<div class=\"elementor-element elementor-element-337a5ab elementor-widget elementor-widget-heading\" data-id=\"337a5ab\" data-element_type=\"widget\" data-e-type=\"widget\" data-widget_type=\"heading.default\">\n\t\t\t\t<div class=\"elementor-widget-container\">\n\t\t\t\t\t<h2 class=\"elementor-heading-title elementor-size-default\">La empresa<\/h2>\t\t\t\t<\/div>\n\t\t\t\t<\/div>\n\t\t\t\t<div class=\"elementor-element elementor-element-8e23d65 color-scheme-inherit text-left elementor-widget elementor-widget-text-editor\" data-id=\"8e23d65\" data-element_type=\"widget\" data-e-type=\"widget\" data-widget_type=\"text-editor.default\">\n\t\t\t\t<div class=\"elementor-widget-container\">\n\t\t\t\t\t\t\t\t\t<p>Firm Zone Businessmen Services L.L.C, conocida como Firmz, ofrece servicios para ayudar a crear y dirigir empresas en los UAE. Ayudan con todo el proceso, incluida la elecci\u00f3n del tipo de negocio adecuado y la gesti\u00f3n de los detalles t\u00e9cnicos, administrativos y financieros.<\/p>\n<p>Firmz se especializa en la prestaci\u00f3n de servicios personalizados de establecimiento de empresas en los UAE, atendiendo tanto a empresarios individuales como a entidades corporativas. Nuestro equipo, compuesto por profesionales dedicados, se compromete a guiarle a lo largo de todo el proceso de creaci\u00f3n de su empresa, sucursal o filial en los UAE. Ofrecemos asesoramiento experto en la selecci\u00f3n de la estructura societaria y la jurisdicci\u00f3n m\u00e1s adecuadas, garantizando que todos los aspectos de la creaci\u00f3n de la empresa se gestionen meticulosamente, incluidos los elementos t\u00e9cnicos, administrativos y financieros.<\/p>\n<p>Entendemos que crear una empresa es s\u00f3lo el principio. Por ello, ampliamos nuestros servicios m\u00e1s all\u00e1 de la fase inicial de establecimiento. Firmz presta asistencia en operaciones vitales posteriores a la puesta en marcha, como la gesti\u00f3n de la contabilidad de su empresa, el dise\u00f1o de estrategias de marketing, la gesti\u00f3n de los recursos humanos y otras funciones esenciales para garantizar que su empresa no s\u00f3lo se establezca, sino que prospere y sea plenamente operativa en el mercado de los EAU.<\/p>\n\t\t\t\t\t\t\t\t<\/div>\n\t\t\t\t<\/div>\n\t\t\t\t\t<\/div>\n\t\t\t\t<\/div>\n\t\t<div class=\"elementor-element elementor-element-6e840e2 wd-section-stretch color-scheme-light e-flex e-con-boxed e-con e-parent\" data-id=\"6e840e2\" data-element_type=\"container\" data-e-type=\"container\" data-settings=\"{&quot;background_background&quot;:&quot;classic&quot;}\">\n\t\t\t\t\t<div class=\"e-con-inner\">\n\t\t<div class=\"elementor-element elementor-element-af8babb e-con-full e-flex e-con e-child\" data-id=\"af8babb\" data-element_type=\"container\" data-e-type=\"container\">\n\t\t\t\t<div class=\"elementor-element elementor-element-b3c227a elementor-widget elementor-widget-heading\" data-id=\"b3c227a\" data-element_type=\"widget\" data-e-type=\"widget\" data-widget_type=\"heading.default\">\n\t\t\t\t<div class=\"elementor-widget-container\">\n\t\t\t\t\t<h2 class=\"elementor-heading-title elementor-size-default\">Misi\u00f3n de la empresa<\/h2>\t\t\t\t<\/div>\n\t\t\t\t<\/div>\n\t\t\t\t<div class=\"elementor-element elementor-element-cfa50c8 color-scheme-inherit text-left elementor-widget elementor-widget-text-editor\" data-id=\"cfa50c8\" data-element_type=\"widget\" data-e-type=\"widget\" data-widget_type=\"text-editor.default\">\n\t\t\t\t<div class=\"elementor-widget-container\">\n\t\t\t\t\t\t\t\t\t<p>En Firmz, nuestra misi\u00f3n es capacitar a los empresarios y las empresas con soluciones integrales y sin fisuras de creaci\u00f3n de empresas en los EAU. Nos dedicamos a prestar servicios personalizados y eficaces, garantizando que todos los aspectos de la creaci\u00f3n de la empresa se gestionen con experiencia y cuidado. Nuestro objetivo es simplificar las complejidades de establecer y operar un negocio en los EAU, permitiendo a nuestros clientes centrarse en el crecimiento y el \u00e9xito. Nos esforzamos por ser un socio de confianza en la trayectoria empresarial de nuestros clientes, ofreci\u00e9ndoles apoyo y servicios continuos que van m\u00e1s all\u00e1 de la configuraci\u00f3n inicial. Nuestro compromiso es fomentar el crecimiento empresarial, la innovaci\u00f3n y el \u00e9xito en el din\u00e1mico mercado de los EAU.<\/p>\n\t\t\t\t\t\t\t\t<\/div>\n\t\t\t\t<\/div>\n\t\t\t\t<\/div>\n\t\t<div class=\"elementor-element elementor-element-de76403 e-con-full e-flex e-con e-child\" data-id=\"de76403\" data-element_type=\"container\" data-e-type=\"container\">\n\t\t\t\t<div class=\"elementor-element elementor-element-ec20816 dce_masking-none elementor-widget elementor-widget-image\" data-id=\"ec20816\" data-element_type=\"widget\" data-e-type=\"widget\" data-widget_type=\"image.default\">\n\t\t\t\t<div class=\"elementor-widget-container\">\n\t\t\t\t\t\t\t\t\t\t\t\t\t\t\t<img fetchpriority=\"high\" decoding=\"async\" width=\"604\" height=\"690\" src=\"https:\/\/firmz.ae\/wp-content\/themes\/woodmart\/images\/lazy.png\" class=\"attachment-1536x1536 size-1536x1536 wp-image-478 wd-lazy-load wd-lazy-fade\" alt=\"Dubai Golden Visa\" srcset=\"\" sizes=\"(max-width: 604px) 100vw, 604px\" data-wood-src=\"https:\/\/firmz.ae\/wp-content\/uploads\/2024\/01\/golden.jpg\" data-srcset=\"https:\/\/firmz.ae\/wp-content\/uploads\/2024\/01\/golden.jpg 604w, https:\/\/firmz.ae\/wp-content\/uploads\/2024\/01\/golden-263x300.jpg 263w\" title=\"Business Setup in Dubai\">\t\t\t\t\t\t\t\t\t\t\t\t\t\t\t<\/div>\n\t\t\t\t<\/div>\n\t\t\t\t<\/div>\n\t\t\t\t\t<\/div>\n\t\t\t\t<\/div>\n\t\t<div data-dce-background-color=\"#F7F7F7\" class=\"elementor-element elementor-element-cf369d2 e-flex e-con-boxed e-con e-parent\" data-id=\"cf369d2\" data-element_type=\"container\" data-e-type=\"container\" data-settings=\"{&quot;background_background&quot;:&quot;classic&quot;}\">\n\t\t\t\t\t<div class=\"e-con-inner\">\n\t\t\t\t<div class=\"elementor-element elementor-element-52544c8 elementor-widget elementor-widget-wd_infobox\" data-id=\"52544c8\" data-element_type=\"widget\" data-e-type=\"widget\" data-widget_type=\"wd_infobox.default\">\n\t\t\t\t<div class=\"elementor-widget-container\">\n\t\t\t\t\t\t\t\t<link rel=\"stylesheet\" id=\"wd-info-box-css\" href=\"https:\/\/firmz.ae\/wp-content\/themes\/woodmart\/css\/parts\/el-info-box.min.css?ver=7.5.1\" type=\"text\/css\" media=\"all\" \/> \t\t\t\t\t<div class=\"info-box-wrapper\">\n\t\t\t<div class=\"wd-info-box text-center box-icon-align-top box-style-base color-scheme-\">\n\t\t\t\t\t\t\t\t\t<div class=\"box-icon-wrapper  box-with-icon box-icon-simple\">\n\t\t\t\t\t\t<div class=\"info-box-icon\">\n\t\t\t\t\t\t\t\t\t\t\t\t\t\t\t<img decoding=\"async\" width=\"64\" height=\"64\" src=\"https:\/\/firmz.ae\/wp-content\/themes\/woodmart\/images\/lazy.png\" class=\"attachment-thumbnail size-thumbnail wd-lazy-load wd-lazy-fade\" alt=\"Business Setup in Dubai\" data-wood-src=\"https:\/\/firmz.ae\/wp-content\/uploads\/2024\/01\/question.png\" srcset=\"\" title=\"Business Setup in Dubai\">\t\t\t\t\t\t\t\t\t\t\t\t\t<\/div>\n\t\t\t\t\t<\/div>\n\t\t\t\t\n\t\t\t\t<div class=\"info-box-content\">\n\t\t\t\t\t\n\t\t\t\t\t\t\t\t\t\t\t<h4\t\t\t\t\t\tclass=\"info-box-title title box-title-style-default wd-fontsize-s\" data-elementor-setting-key=\"title\">\n\t\t\t\t\t\t\t\t\u00bfQu\u00e9 podemos hacer por usted?\t\t\t\t\t\t<\/h4>\n\t\t\t\t\t\n\t\t\t\t\t<div class=\"info-box-inner set-cont-mb-s reset-last-child\"data-elementor-setting-key=\"content\"><p>Firmz se ocupa de todos los detalles pr\u00e1cticos de la puesta en marcha de su negocio, incluida la constituci\u00f3n de la empresa, la tramitaci\u00f3n del visado y la coordinaci\u00f3n con los organismos gubernamentales de los EAU. Le ofrecemos la comodidad de ser propietario de su empresa sin la molestia de tener que ocuparse de complejos tr\u00e1mites de documentaci\u00f3n y registro.<\/p>\n<\/div>\n\n\t\t\t\t\t\t\t\t\t<\/div>\n\n\t\t\t\t\t\t\t<\/div>\n\t\t<\/div>\n\t\t\t\t\t\t<\/div>\n\t\t\t\t<\/div>\n\t\t\t\t\t<\/div>\n\t\t\t\t<\/div>\n\t\t<div class=\"elementor-element elementor-element-914428f e-flex e-con-boxed e-con e-parent\" data-id=\"914428f\" data-element_type=\"container\" data-e-type=\"container\">\n\t\t\t\t\t<div class=\"e-con-inner\">\n\t\t\t\t<div class=\"elementor-element elementor-element-9b8a698 elementor-widget elementor-widget-heading\" data-id=\"9b8a698\" data-element_type=\"widget\" data-e-type=\"widget\" data-widget_type=\"heading.default\">\n\t\t\t\t<div class=\"elementor-widget-container\">\n\t\t\t\t\t<h2 class=\"elementor-heading-title elementor-size-default\">Nuestros socios<\/h2>\t\t\t\t<\/div>\n\t\t\t\t<\/div>\n\t\t\t\t<div class=\"elementor-element elementor-element-6fc8a7f elementor-arrows-position-inside elementor-widget elementor-widget-image-carousel\" data-id=\"6fc8a7f\" data-element_type=\"widget\" data-e-type=\"widget\" data-settings=\"{&quot;slides_to_show&quot;:&quot;5&quot;,&quot;slides_to_show_tablet&quot;:&quot;4&quot;,&quot;slides_to_scroll&quot;:&quot;1&quot;,&quot;navigation&quot;:&quot;arrows&quot;,&quot;autoplay&quot;:&quot;yes&quot;,&quot;pause_on_hover&quot;:&quot;yes&quot;,&quot;pause_on_interaction&quot;:&quot;yes&quot;,&quot;autoplay_speed&quot;:5000,&quot;infinite&quot;:&quot;yes&quot;,&quot;speed&quot;:500}\" data-widget_type=\"image-carousel.default\">\n\t\t\t\t<div class=\"elementor-widget-container\">\n\t\t\t\t\t\t\t<div class=\"elementor-image-carousel-wrapper swiper\" role=\"region\" aria-roledescription=\"carousel\" aria-label=\"Carrusel de im\u00e1genes\" dir=\"ltr\">\n\t\t\t<div class=\"elementor-image-carousel swiper-wrapper\" aria-live=\"off\">\n\t\t\t\t\t\t\t\t<div class=\"swiper-slide\" role=\"group\" aria-roledescription=\"slide\" aria-label=\"1 de 8\"><figure class=\"swiper-slide-inner\"><img decoding=\"async\" class=\"swiper-slide-image\" src=\"https:\/\/firmz.ae\/wp-content\/uploads\/2024\/01\/IFZA.jpg\" alt=\"IFZA\" title=\"Business Setup in Dubai\"><\/figure><\/div><div class=\"swiper-slide\" role=\"group\" aria-roledescription=\"slide\" aria-label=\"2 de 8\"><figure class=\"swiper-slide-inner\"><img decoding=\"async\" class=\"swiper-slide-image\" src=\"https:\/\/firmz.ae\/wp-content\/uploads\/2024\/01\/Meydan-Free-Zone.jpg\" alt=\"Meydan-Free-Zone\" title=\"Business Setup in Dubai\"><\/figure><\/div><div class=\"swiper-slide\" role=\"group\" aria-roledescription=\"slide\" aria-label=\"3 de 8\"><figure class=\"swiper-slide-inner\"><img decoding=\"async\" class=\"swiper-slide-image\" src=\"https:\/\/firmz.ae\/wp-content\/uploads\/2024\/01\/SPC.jpg\" alt=\"SPC\" title=\"Business Setup in Dubai\"><\/figure><\/div><div class=\"swiper-slide\" role=\"group\" aria-roledescription=\"slide\" aria-label=\"4 de 8\"><figure class=\"swiper-slide-inner\"><img decoding=\"async\" class=\"swiper-slide-image\" src=\"https:\/\/firmz.ae\/wp-content\/uploads\/2024\/01\/rakez-fz.jpg\" alt=\"rakez-fz\" title=\"Business Setup in Dubai\"><\/figure><\/div><div class=\"swiper-slide\" role=\"group\" aria-roledescription=\"slide\" aria-label=\"5 de 8\"><figure class=\"swiper-slide-inner\"><img decoding=\"async\" class=\"swiper-slide-image\" src=\"https:\/\/firmz.ae\/wp-content\/uploads\/2024\/01\/shams.jpg\" alt=\"shams\" title=\"Business Setup in Dubai\"><\/figure><\/div><div class=\"swiper-slide\" role=\"group\" aria-roledescription=\"slide\" aria-label=\"6 de 8\"><figure class=\"swiper-slide-inner\"><img decoding=\"async\" class=\"swiper-slide-image\" src=\"https:\/\/firmz.ae\/wp-content\/uploads\/2024\/01\/dmcc.jpg\" alt=\"dmcc\" title=\"Business Setup in Dubai\"><\/figure><\/div><div class=\"swiper-slide\" role=\"group\" aria-roledescription=\"slide\" aria-label=\"7 de 8\"><figure class=\"swiper-slide-inner\"><img decoding=\"async\" class=\"swiper-slide-image\" src=\"https:\/\/firmz.ae\/wp-content\/uploads\/2024\/01\/DIFC.jpg\" alt=\"DIFC\" title=\"Business Setup in Dubai\"><\/figure><\/div><div class=\"swiper-slide\" role=\"group\" aria-roledescription=\"slide\" aria-label=\"8 de 8\"><figure class=\"swiper-slide-inner\"><img decoding=\"async\" class=\"swiper-slide-image\" src=\"https:\/\/firmz.ae\/wp-content\/uploads\/2024\/01\/DED.jpg\" alt=\"DED\" title=\"Business Setup in Dubai\"><\/figure><\/div>\t\t\t<\/div>\n\t\t\t\t\t\t\t\t\t\t\t\t<div class=\"elementor-swiper-button elementor-swiper-button-prev\" role=\"button\" tabindex=\"0\">\n\t\t\t\t\t\t<svg aria-hidden=\"true\" class=\"e-font-icon-svg e-eicon-chevron-left\" viewBox=\"0 0 1000 1000\" xmlns=\"http:\/\/www.w3.org\/2000\/svg\"><path d=\"M646 125C629 125 613 133 604 142L308 442C296 454 292 471 292 487 292 504 296 521 308 533L604 854C617 867 629 875 646 875 663 875 679 871 692 858 704 846 713 829 713 812 713 796 708 779 692 767L438 487 692 225C700 217 708 204 708 187 708 171 704 154 692 142 675 129 663 125 646 125Z\"><\/path><\/svg>\t\t\t\t\t<\/div>\n\t\t\t\t\t<div class=\"elementor-swiper-button elementor-swiper-button-next\" role=\"button\" tabindex=\"0\">\n\t\t\t\t\t\t<svg aria-hidden=\"true\" class=\"e-font-icon-svg e-eicon-chevron-right\" viewBox=\"0 0 1000 1000\" xmlns=\"http:\/\/www.w3.org\/2000\/svg\"><path d=\"M696 533C708 521 713 504 713 487 713 471 708 454 696 446L400 146C388 133 375 125 354 125 338 125 325 129 313 142 300 154 292 171 292 187 292 204 296 221 308 233L563 492 304 771C292 783 288 800 288 817 288 833 296 850 308 863 321 871 338 875 354 875 371 875 388 867 400 854L696 533Z\"><\/path><\/svg>\t\t\t\t\t<\/div>\n\t\t\t\t\n\t\t\t\t\t\t\t\t\t<\/div>\n\t\t\t\t\t\t<\/div>\n\t\t\t\t<\/div>\n\t\t\t\t\t<\/div>\n\t\t\t\t<\/div>\n\t\t\t\t<\/div>\n\t\t","protected":false},"excerpt":{"rendered":"<p>La empresa Firm Zone Businessmen Services L.L.C, conocida como Firmz, ofrece servicios para ayudar a crear y dirigir empresas en<\/p>\n","protected":false},"author":1,"featured_media":4633,"parent":0,"menu_order":0,"comment_status":"closed","ping_status":"closed","template":"","meta":{"_mbp_gutenberg_autopost":false,"footnotes":""},"class_list":["post-4863","page","type-page","status-publish","has-post-thumbnail","hentry"],"_links":{"self":[{"href":"https:\/\/firmz.ae\/es\/wp-json\/wp\/v2\/pages\/4863","targetHints":{"allow":["GET"]}}],"collection":[{"href":"https:\/\/firmz.ae\/es\/wp-json\/wp\/v2\/pages"}],"about":[{"href":"https:\/\/firmz.ae\/es\/wp-json\/wp\/v2\/types\/page"}],"author":[{"embeddable":true,"href":"https:\/\/firmz.ae\/es\/wp-json\/wp\/v2\/users\/1"}],"replies":[{"embeddable":true,"href":"https:\/\/firmz.ae\/es\/wp-json\/wp\/v2\/comments?post=4863"}],"version-history":[{"count":0,"href":"https:\/\/firmz.ae\/es\/wp-json\/wp\/v2\/pages\/4863\/revisions"}],"wp:featuredmedia":[{"embeddable":true,"href":"https:\/\/firmz.ae\/es\/wp-json\/wp\/v2\/media\/4633"}],"wp:attachment":[{"href":"https:\/\/firmz.ae\/es\/wp-json\/wp\/v2\/media?parent=4863"}],"curies":[{"name":"wp","href":"https:\/\/api.w.org\/{rel}","templated":true}]}}