{"id":4938,"date":"2024-02-22T12:34:02","date_gmt":"2024-02-22T08:34:02","guid":{"rendered":"https:\/\/firmz.ae\/condiciones-generales\/"},"modified":"2024-03-05T06:55:43","modified_gmt":"2024-03-05T02:55:43","slug":"condiciones-generales","status":"publish","type":"page","link":"https:\/\/firmz.ae\/es\/condiciones-generales\/","title":{"rendered":"Condiciones generales"},"content":{"rendered":"\t\t<div data-elementor-type=\"wp-page\" data-elementor-id=\"4938\" class=\"elementor elementor-4938 elementor-4370\" data-elementor-post-type=\"page\">\n\t\t\t\t<div class=\"elementor-element elementor-element-00141ea e-flex e-con-boxed e-con e-parent\" data-id=\"00141ea\" data-element_type=\"container\" data-e-type=\"container\">\n\t\t\t\t\t<div class=\"e-con-inner\">\n\t\t\t\t<div class=\"elementor-element elementor-element-5eaa44d color-scheme-inherit text-left elementor-widget elementor-widget-text-editor\" data-id=\"5eaa44d\" data-element_type=\"widget\" data-e-type=\"widget\" data-widget_type=\"text-editor.default\">\n\t\t\t\t<div class=\"elementor-widget-container\">\n\t\t\t\t\t\t\t\t\t<p><strong>PAGOS<\/strong><\/p>\n<ul>\n<li>Firmz Business Setup acepta pagos con tarjetas de d\u00e9bito y cr\u00e9dito Visa o Mastercard en AED por sus servicios. Todas las compras en l\u00ednea se rigen tambi\u00e9n por las condiciones mencionadas aqu\u00ed y en todo el sitio web.<\/li>\n<li>Firmz Business Setup se dedica a diversas actividades comerciales relacionadas con la creaci\u00f3n de empresas en los Emiratos \u00c1rabes Unidos. Los costes que conllevan las actividades empresariales pueden explicarse brevemente en el siguiente enlace https:\/\/firmz.ae\/costs-of-starting-a-business-in-dubai\/, pero no se limitan a los mencionados.<\/li>\n<li>La p\u00e1gina web de Firmz Business Setup muestra las tarjetas aceptadas, por favor utilice las especificadas.<\/li>\n<li>Los precios mencionados en este sitio web se expresan en dirhams de los EAU (AED) y s\u00f3lo son aplicables a los clientes presentes en el pa\u00eds. Los clientes con sede fuera de los EAU deber\u00e1n asumir los costes en su moneda local, es decir, USD, GBP e INR.  <\/li>\n<li>Las leyes de los Emiratos \u00c1rabes Unidos regir\u00e1n el uso del pago en este sitio. En caso de conflicto, todas las disputas que surjan en relaci\u00f3n con el mismo ser\u00e1n vistas \u00fanicamente por un tribunal de jurisdicci\u00f3n competente en los EAU.<\/li>\n<li>Tenga en cuenta que no se pueden realizar operaciones de pago con pa\u00edses incluidos en la lista OFAC.<\/li>\n<li>Los particulares \/ clientes que utilicen el sitio web -si son menores de edad o tienen menos de 18 a\u00f1os- no se registrar\u00e1n como usuarios del sitio web y no realizar\u00e1n transacciones ni utilizar\u00e1n el sitio web.<\/li>\n<li>Conserve una copia de cada transacci\u00f3n que realice a trav\u00e9s del sitio web Firmz Business Setup.<\/li>\n<li>En \u00faltima instancia, es responsabilidad del usuario supervisar y mantener la confidencialidad de su cuenta.<\/li>\n<li>Firmz se reserva el derecho a modificar estas condiciones en cualquier momento, con efecto inmediato tras su publicaci\u00f3n en el sitio.<\/li>\n<li>Si se descubre que el usuario infringe las Condiciones Generales, Firmz podr\u00e1 poner fin al uso del sitio, prohibirle el uso del sitio en el futuro y\/o emprender las acciones legales pertinentes contra el usuario.<\/li>\n<li>Las pol\u00edticas y condiciones del sitio web de Firmz pueden cambiar o actualizarse ocasionalmente para cumplir con los requisitos y normas. Los clientes son los \u00fanicos responsables y se les anima a visitar con frecuencia estas secciones para estar al d\u00eda de los cambios en el sitio web. Las modificaciones entrar\u00e1n en vigor el d\u00eda de su publicaci\u00f3n.<\/li>\n<li>Cualquier documento de terceros, enlace o sus T&amp;C o pol\u00edtica de privacidad no ser\u00e1n aplicables al sitio web de Firmz Business Setup. Le rogamos que se ponga en contacto directamente con estas entidades si tiene alguna duda sobre su uso.<\/li>\n<\/ul>\n<p><strong>REEMBOLSO Y ANULACI\u00d3N<\/strong><\/p>\n<ul>\n<li>Firmz tiene una pol\u00edtica de no reembolso de los servicios prestados dentro o fuera de este sitio web. Sin embargo, la pol\u00edtica de reembolso est\u00e1 sujeta a los pagos realizados para el dep\u00f3sito de seguridad de los centros de negocios y se reembolsar\u00e1 en caso de cancelaci\u00f3n o vencimiento.<\/li>\n<li>Firmz tiene una pol\u00edtica de no cancelaci\u00f3n para los servicios prestados dentro o fuera de este sitio web. Sin embargo, la anulaci\u00f3n en el proceso est\u00e1 sujeta a la naturaleza de los servicios asignados.<\/li>\n<\/ul>\n\t\t\t\t\t\t\t\t<\/div>\n\t\t\t\t<\/div>\n\t\t\t\t\t<\/div>\n\t\t\t\t<\/div>\n\t\t\t\t<\/div>\n\t\t","protected":false},"excerpt":{"rendered":"<p>PAGOS Firmz Business Setup acepta pagos con tarjetas de d\u00e9bito y cr\u00e9dito Visa o Mastercard en AED por sus servicios.<\/p>\n","protected":false},"author":1,"featured_media":0,"parent":0,"menu_order":0,"comment_status":"closed","ping_status":"closed","template":"","meta":{"_mbp_gutenberg_autopost":false,"footnotes":""},"class_list":["post-4938","page","type-page","status-publish","hentry"],"_links":{"self":[{"href":"https:\/\/firmz.ae\/es\/wp-json\/wp\/v2\/pages\/4938","targetHints":{"allow":["GET"]}}],"collection":[{"href":"https:\/\/firmz.ae\/es\/wp-json\/wp\/v2\/pages"}],"about":[{"href":"https:\/\/firmz.ae\/es\/wp-json\/wp\/v2\/types\/page"}],"author":[{"embeddable":true,"href":"https:\/\/firmz.ae\/es\/wp-json\/wp\/v2\/users\/1"}],"replies":[{"embeddable":true,"href":"https:\/\/firmz.ae\/es\/wp-json\/wp\/v2\/comments?post=4938"}],"version-history":[{"count":16,"href":"https:\/\/firmz.ae\/es\/wp-json\/wp\/v2\/pages\/4938\/revisions"}],"predecessor-version":[{"id":14546,"href":"https:\/\/firmz.ae\/es\/wp-json\/wp\/v2\/pages\/4938\/revisions\/14546"}],"wp:attachment":[{"href":"https:\/\/firmz.ae\/es\/wp-json\/wp\/v2\/media?parent=4938"}],"curies":[{"name":"wp","href":"https:\/\/api.w.org\/{rel}","templated":true}]}}